{"id":379,"date":"2024-06-04T20:10:29","date_gmt":"2024-06-04T20:10:29","guid":{"rendered":"https:\/\/pesendorfer-sophie.web.kslinz.at\/pesendorfers2024\/?page_id=379"},"modified":"2024-06-04T20:14:09","modified_gmt":"2024-06-04T20:14:09","slug":"datenschutz-2","status":"publish","type":"page","link":"https:\/\/pesendorfer-sophie.web.kslinz.at\/pesendorfers2024\/index.php\/datenschutz-2\/","title":{"rendered":"Datenschutz"},"content":{"rendered":"\n<h4 class=\"wp-block-heading\">1. Begriffsbestimmungen<\/h4>\n\n\n\n<p>Die Datenschutzerkl\u00e4rung der <a href=\"https:\/\/pesendorfer-sophie.web.kslinz.at\/pesendorfers2024\/\">https:\/\/pesendorfer-sophie.web.kslinz.at\/pesendorfers2024\/<\/a> beruht auf den Begrifflichkeiten, die durch den Europ\u00e4ischen Richtlinien- und Verordnungsgeber beim Erlass der Datenschutz-Grundverordnung (DSGVO) verwendet wurden. Unsere Datenschutzerkl\u00e4rung soll sowohl f\u00fcr die \u00d6ffentlichkeit als auch f\u00fcr unsere Kunden und Gesch\u00e4ftspartner einfach lesbar und verst\u00e4ndlich sein. Um dies zu gew\u00e4hrleisten, m\u00f6chten wir vorab die verwendeten Begrifflichkeiten erl\u00e4utern.<\/p>\n\n\n\n<h4 class=\"wp-block-heading\">2. Name und Anschrift des f\u00fcr die Verarbeitung Verantwortlichen<\/h4>\n\n\n\n<p>Verantwortlicher im Sinne der Datenschutz-Grundverordnung, sonstiger in den Mitgliedstaaten der Europ\u00e4ischen Union geltenden Datenschutzgesetze und anderer Bestimmungen mit datenschutzrechtlichem Charakter ist die:<\/p>\n\n\n\n<p>Sophie Pesendorfer <br>PESENDORFER.Sophie@hlw.kslinz.at<br>+43 677 62355023<\/p>\n\n\n\n<h4 class=\"wp-block-heading\">3. Erhebung und Speicherung personenbezogener Daten sowie Art und Zweck von deren Verwendung<\/h4>\n\n\n\n<h5 class=\"wp-block-heading\">a. Beim Besuch der Website<\/h5>\n\n\n\n<p>Beim Aufrufen unserer Website\u00a0<a href=\"https:\/\/pesendorfer-sophie.web.kslinz.at\/pesendorfers2024\/\">https:\/\/pesendorfer-sophie.web.kslinz.at\/pesendorfers2024\/<\/a> werden durch den auf Ihrem Endger\u00e4t zum Einsatz kommenden Browser automatisch Informationen an den Server unserer Website gesendet. Diese Informationen werden tempor\u00e4r in einem sogenannten Logfile gespeichert. Folgende Informationen werden dabei ohne Ihr Zutun erfasst und bis zur automatisierten L\u00f6schung gespeichert:<\/p>\n\n\n\n<ul class=\"wp-block-list\">\n<li>IP-Adresse des anfragenden Rechners<\/li>\n\n\n\n<li>Datum und Uhrzeit des Zugriffs<\/li>\n\n\n\n<li>Name und URL der abgerufenen Datei<\/li>\n\n\n\n<li>Website, von der aus der Zugriff erfolgt (Referrer-URL)<\/li>\n\n\n\n<li>verwendeter Browser und ggf. das Betriebssystem Ihres Rechners sowie der Name Ihres Access-Providers.<\/li>\n<\/ul>\n\n\n\n<p>Die genannten Daten werden durch uns zu folgenden Zwecken verarbeitet:<\/p>\n\n\n\n<ul class=\"wp-block-list\">\n<li>Gew\u00e4hrleistung eines reibungslosen Verbindungsaufbaus der Website<\/li>\n\n\n\n<li>Gew\u00e4hrleistung einer komfortablen Nutzung unserer Website<\/li>\n\n\n\n<li>Auswertung der Systemsicherheit und -stabilit\u00e4t sowie<\/li>\n\n\n\n<li>zu weiteren administrativen Zwecken.<\/li>\n<\/ul>\n\n\n\n<p>Die Rechtsgrundlage f\u00fcr die Datenverarbeitung ist Art. 6 Abs. 1 S. 1 lit. f DSGVO. Unser berechtigtes Interesse folgt aus den oben aufgelisteten Zwecken zur Datenerhebung. In keinem Fall verwenden wir die erhobenen Daten zu dem Zweck, R\u00fcckschl\u00fcsse auf Ihre Person zu ziehen.<\/p>\n\n\n\n<h5 class=\"wp-block-heading\">b. Bei Nutzung unseres Kontaktformulars<\/h5>\n\n\n\n<p>Bei Fragen jeglicher Art bieten wir Ihnen die M\u00f6glichkeit, mit uns \u00fcber ein auf der Website bereitgestelltes Formular Kontakt aufzunehmen. Dabei ist die Angabe einer g\u00fcltigen E-Mail-Adresse erforderlich, damit wir wissen, von wem die Anfrage stammt und um diese beantworten zu k\u00f6nnen. Weitere Angaben k\u00f6nnen freiwillig get\u00e4tigt werden.<\/p>\n\n\n\n<p>Die Datenverarbeitung zum Zwecke der Kontaktaufnahme mit uns erfolgt nach Art. 6 Abs. 1 S. 1 lit. a DSGVO auf Grundlage Ihrer freiwillig erteilten Einwilligung.<\/p>\n\n\n\n<p>Die f\u00fcr die Benutzung des Kontaktformulars von uns erhobenen personenbezogenen Daten werden nach Erledigung der von Ihnen gestellten Anfrage automatisch gel\u00f6scht.<\/p>\n\n\n\n<h4 class=\"wp-block-heading\">4. Weitergabe von Daten<\/h4>\n\n\n\n<p>Eine \u00dcbermittlung Ihrer pers\u00f6nlichen Daten an Dritte zu anderen als den im Folgenden aufgef\u00fchrten Zwecken findet nicht statt.<\/p>\n\n\n\n<p>Wir geben Ihre pers\u00f6nlichen Daten nur an Dritte weiter, wenn:<\/p>\n\n\n\n<ul class=\"wp-block-list\">\n<li>Sie Ihre nach Art. 6 Abs. 1 S. 1 lit. a DSGVO ausdr\u00fcckliche Einwilligung dazu erteilt haben,<\/li>\n\n\n\n<li>die Weitergabe nach Art. 6 Abs. 1 S. 1 lit. f DSGVO zur Geltendmachung, Aus\u00fcbung oder Verteidigung von Rechtsanspr\u00fcchen erforderlich ist und kein Grund zur Annahme besteht, dass Sie ein \u00fcberwiegendes schutzw\u00fcrdiges Interesse an der Nichtweitergabe Ihrer Daten haben,<\/li>\n\n\n\n<li>f\u00fcr den Fall, dass f\u00fcr die Weitergabe nach Art. 6 Abs. 1 S. 1 lit. c DSGVO eine gesetzliche Verpflichtung besteht, sowie<\/li>\n\n\n\n<li>dies gesetzlich zul\u00e4ssig und nach Art. 6 Abs. 1 S. 1 lit. b DSGVO f\u00fcr die Abwicklung von Vertragsverh\u00e4ltnissen mit Ihnen erforderlich ist.<\/li>\n<\/ul>\n\n\n\n<h4 class=\"wp-block-heading\">6. Betroffenenrechte<\/h4>\n\n\n\n<p>Sie haben das Recht:<\/p>\n\n\n\n<ul class=\"wp-block-list\">\n<li>gem\u00e4\u00df Art. 15 DSGVO Auskunft \u00fcber Ihre von uns verarbeiteten personenbezogenen Daten zu verlangen. Insbesondere k\u00f6nnen Sie Auskunft \u00fcber die Verarbeitungszwecke, die Kategorie der personenbezogenen Daten, die Kategorien von Empf\u00e4ngern, gegen\u00fcber denen Ihre Daten offengelegt wurden oder werden, die geplante Speicherdauer, das Bestehen eines Rechts auf Berichtigung, L\u00f6schung, Einschr\u00e4nkung der Verarbeitung oder Widerspruch, das Bestehen eines Beschwerderechts, die Herkunft ihrer Daten, sofern diese nicht bei uns erhoben wurden, sowie \u00fcber das Bestehen einer automatisierten Entscheidungsfindung einschlie\u00dflich Profiling und ggf. aussagekr\u00e4ftigen Informationen zu deren Einzelheiten verlangen;<\/li>\n\n\n\n<li>gem\u00e4\u00df Art. 16 DSGVO unverz\u00fcglich die Berichtigung unrichtiger oder Vervollst\u00e4ndigung Ihrer bei uns gespeicherten personenbezogenen Daten zu verlangen;<\/li>\n\n\n\n<li>gem\u00e4\u00df Art. 17 DSGVO die L\u00f6schung Ihrer bei uns gespeicherten personenbezogenen Daten zu verlangen, soweit nicht die Verarbeitung zur Aus\u00fcbung des Rechts auf freie Meinungs\u00e4u\u00dferung und Information, zur Erf\u00fcllung einer rechtlichen Verpflichtung, aus Gr\u00fcnden des \u00f6ffentlichen Interesses oder zur Geltendmachung, Aus\u00fcbung oder Verteidigung von Rechtsanspr\u00fcchen erforderlich ist;<\/li>\n\n\n\n<li>gem\u00e4\u00df Art. 18 DSGVO die Einschr\u00e4nkung der Verarbeitung Ihrer personenbezogenen Daten zu verlangen, soweit die Richtigkeit der Daten von Ihnen bestritten wird, die Verarbeitung unrechtm\u00e4\u00dfig ist, Sie aber deren L\u00f6schung ablehnen und wir die Daten nicht mehr ben\u00f6tigen, Sie jedoch diese zur Geltendmachung, Aus\u00fcbung oder Verteidigung von Rechtsanspr\u00fcchen ben\u00f6tigen oder<\/li>\n<\/ul>\n","protected":false},"excerpt":{"rendered":"<p>1. Begriffsbestimmungen Die Datenschutzerkl\u00e4rung der https:\/\/pesendorfer-sophie.web.kslinz.at\/pesendorfers2024\/ beruht auf den Begrifflichkeiten, die durch den Europ\u00e4ischen Richtlinien- und Verordnungsgeber beim Erlass der Datenschutz-Grundverordnung (DSGVO) verwendet wurden. Unsere Datenschutzerkl\u00e4rung soll sowohl f\u00fcr die \u00d6ffentlichkeit als auch f\u00fcr unsere Kunden und Gesch\u00e4ftspartner einfach lesbar und verst\u00e4ndlich sein. Um dies zu gew\u00e4hrleisten, m\u00f6chten wir vorab die verwendeten Begrifflichkeiten erl\u00e4utern. 2. &hellip; <\/p>\n<p class=\"link-more\"><a href=\"https:\/\/pesendorfer-sophie.web.kslinz.at\/pesendorfers2024\/index.php\/datenschutz-2\/\" class=\"more-link\">Mehr <span class=\"screen-reader-text\">\u00fcber &#8222;Datenschutz&#8220; <\/span>Lesen<\/a><\/p>\n","protected":false},"author":1,"featured_media":382,"parent":0,"menu_order":0,"comment_status":"closed","ping_status":"closed","template":"","meta":{"inspiro_hide_title":false,"footnotes":""},"class_list":["post-379","page","type-page","status-publish","has-post-thumbnail","hentry"],"featured_media_urls":{"thumbnail":["https:\/\/pesendorfer-sophie.web.kslinz.at\/pesendorfers2024\/wp-content\/uploads\/2024\/06\/IMG_7576-150x150.jpg",150,150,true],"medium":["https:\/\/pesendorfer-sophie.web.kslinz.at\/pesendorfers2024\/wp-content\/uploads\/2024\/06\/IMG_7576-300x169.jpg",300,169,true],"medium_large":["https:\/\/pesendorfer-sophie.web.kslinz.at\/pesendorfers2024\/wp-content\/uploads\/2024\/06\/IMG_7576-scaled.jpg",768,432,false],"large":["https:\/\/pesendorfer-sophie.web.kslinz.at\/pesendorfers2024\/wp-content\/uploads\/2024\/06\/IMG_7576-1024x576.jpg",950,534,true],"1536x1536":["https:\/\/pesendorfer-sophie.web.kslinz.at\/pesendorfers2024\/wp-content\/uploads\/2024\/06\/IMG_7576-scaled-1536x864.jpg",1536,864,true],"2048x2048":["https:\/\/pesendorfer-sophie.web.kslinz.at\/pesendorfers2024\/wp-content\/uploads\/2024\/06\/IMG_7576-scaled-2048x1152.jpg",2048,1152,true],"inspiro-featured-image":["https:\/\/pesendorfer-sophie.web.kslinz.at\/pesendorfers2024\/wp-content\/uploads\/2024\/06\/IMG_7576-2000x1125.jpg",2000,1125,true],"inspiro-loop":["https:\/\/pesendorfer-sophie.web.kslinz.at\/pesendorfers2024\/wp-content\/uploads\/2024\/06\/IMG_7576-950x320.jpg",950,320,true],"inspiro-loop@2x":["https:\/\/pesendorfer-sophie.web.kslinz.at\/pesendorfers2024\/wp-content\/uploads\/2024\/06\/IMG_7576-1900x640.jpg",1900,640,true],"portfolio_item-thumbnail":["https:\/\/pesendorfer-sophie.web.kslinz.at\/pesendorfers2024\/wp-content\/uploads\/2024\/06\/IMG_7576-scaled-600x400.jpg",600,400,true],"portfolio_item-thumbnail@2x":["https:\/\/pesendorfer-sophie.web.kslinz.at\/pesendorfers2024\/wp-content\/uploads\/2024\/06\/IMG_7576-scaled-1200x800.jpg",1200,800,true],"portfolio_item-masonry":["https:\/\/pesendorfer-sophie.web.kslinz.at\/pesendorfers2024\/wp-content\/uploads\/2024\/06\/IMG_7576-scaled-600x338.jpg",600,338,true],"portfolio_item-masonry@2x":["https:\/\/pesendorfer-sophie.web.kslinz.at\/pesendorfers2024\/wp-content\/uploads\/2024\/06\/IMG_7576-scaled-1200x675.jpg",1200,675,true],"portfolio_item-thumbnail_cinema":["https:\/\/pesendorfer-sophie.web.kslinz.at\/pesendorfers2024\/wp-content\/uploads\/2024\/06\/IMG_7576-scaled-800x335.jpg",800,335,true],"portfolio_item-thumbnail_portrait":["https:\/\/pesendorfer-sophie.web.kslinz.at\/pesendorfers2024\/wp-content\/uploads\/2024\/06\/IMG_7576-scaled-600x900.jpg",600,900,true],"portfolio_item-thumbnail_portrait@2x":["https:\/\/pesendorfer-sophie.web.kslinz.at\/pesendorfers2024\/wp-content\/uploads\/2024\/06\/IMG_7576-scaled-1200x1440.jpg",1200,1440,true],"portfolio_item-thumbnail_square":["https:\/\/pesendorfer-sophie.web.kslinz.at\/pesendorfers2024\/wp-content\/uploads\/2024\/06\/IMG_7576-scaled-800x800.jpg",800,800,true]},"_links":{"self":[{"href":"https:\/\/pesendorfer-sophie.web.kslinz.at\/pesendorfers2024\/index.php\/wp-json\/wp\/v2\/pages\/379","targetHints":{"allow":["GET"]}}],"collection":[{"href":"https:\/\/pesendorfer-sophie.web.kslinz.at\/pesendorfers2024\/index.php\/wp-json\/wp\/v2\/pages"}],"about":[{"href":"https:\/\/pesendorfer-sophie.web.kslinz.at\/pesendorfers2024\/index.php\/wp-json\/wp\/v2\/types\/page"}],"author":[{"embeddable":true,"href":"https:\/\/pesendorfer-sophie.web.kslinz.at\/pesendorfers2024\/index.php\/wp-json\/wp\/v2\/users\/1"}],"replies":[{"embeddable":true,"href":"https:\/\/pesendorfer-sophie.web.kslinz.at\/pesendorfers2024\/index.php\/wp-json\/wp\/v2\/comments?post=379"}],"version-history":[{"count":1,"href":"https:\/\/pesendorfer-sophie.web.kslinz.at\/pesendorfers2024\/index.php\/wp-json\/wp\/v2\/pages\/379\/revisions"}],"predecessor-version":[{"id":393,"href":"https:\/\/pesendorfer-sophie.web.kslinz.at\/pesendorfers2024\/index.php\/wp-json\/wp\/v2\/pages\/379\/revisions\/393"}],"wp:featuredmedia":[{"embeddable":true,"href":"https:\/\/pesendorfer-sophie.web.kslinz.at\/pesendorfers2024\/index.php\/wp-json\/wp\/v2\/media\/382"}],"wp:attachment":[{"href":"https:\/\/pesendorfer-sophie.web.kslinz.at\/pesendorfers2024\/index.php\/wp-json\/wp\/v2\/media?parent=379"}],"curies":[{"name":"wp","href":"https:\/\/api.w.org\/{rel}","templated":true}]}}